{"id":2713,"date":"2014-05-20T11:25:22","date_gmt":"2014-05-20T11:25:22","guid":{"rendered":"http:\/\/192.168.0.101\/user24\/wordpress\/wordpress-3.9.1-treehouse\/?page_id=2505"},"modified":"2020-03-12T12:52:06","modified_gmt":"2020-03-12T12:52:06","slug":"ueber-uns","status":"publish","type":"page","link":"https:\/\/visionups.com\/de\/ueber-uns\/","title":{"rendered":"\u00dcber Uns"},"content":{"rendered":"<div class=\"wpb-content-wrapper\"><p>[vc_row css=&#8220;.vc_custom_1573844433311{margin-right: 0px !important;margin-left: 0px !important;border-top-width: 1px !important;border-right-width: 1px !important;border-bottom-width: 1px !important;border-left-width: 1px !important;border-left-color: #bababa !important;border-left-style: solid !important;border-right-color: #bababa !important;border-right-style: solid !important;border-top-color: #bababa !important;border-top-style: solid !important;border-bottom-color: #bababa !important;border-bottom-style: solid !important;border-radius: 1px !important;}&#8220;][vc_column width=&#8220;1\/3&#8243;][vc_column_text]VISION UPS SYSTEMS S.\u00e0 r.l. wurde im Jahre 2003 in Luxemburg gegr\u00fcndet, mit Firmensitze in Luxemburg und Frankreich (seit 2015). Wir haben uns zu einem weltweit anerkannten Un-ternehmen entwickelt. Unsere Partner und Produkte sind in \u00fcber 40 L\u00e4ndern auf allen Kontinenten vertreten.<\/p>\n<ul>\n<li style=\"list-style-type: none\">\n<ul class=\"list-1\">\n<li>Kundendienst<\/li>\n<li>Sonderanfertigungen<\/li>\n<li>Hohe Lagerkapazit\u00e4ten<\/li>\n<li>Breites Produktsortiment<\/li>\n<li>Konstante sofortige Verf\u00fcgbarkeit<\/li>\n<\/ul>\n<\/li>\n<\/ul>\n<p>[\/vc_column_text][\/vc_column][vc_column width=&#8220;1\/3&#8243;][vc_column_text]<\/p>\n<h3 class=\"page-subheading\">Vision UPS Systems S.\u00e0.r.l.<\/h3>\n<p><strong class=\"dark\">Installation und Wartung<\/strong><\/p>\n<p>VISION bietet \u2013 zus\u00e4tzlich zu Standardschulungen \u2013 spezifizierte technische Dokumentation zur Installation und Wartung. Dadurch spart das Technik- und Instandhaltungspersonal Zeit vor Ort und die Fehlerquellen werden minimiert..[\/vc_column_text][\/vc_column][vc_column width=&#8220;1\/3&#8243;][vc_column_text]<b>Unterst\u00fctzung<\/b><\/p>\n<p>VISION erkennt seine Verantwortung hinsichtlich aller Produkte w\u00e4hrend und nach der Gew\u00e4hrleistungsfrist. Wir bie-ten technische Hilfe und Unterst\u00fctzung in Zusammenarbeit mit unseren Ingenieuren an.[\/vc_column_text][vc_column_text]<b>Kundenspezifische L\u00f6sungen<\/b><\/p>\n<p>Neben unserem gro\u00dfen Produktsortiment an Standardl\u00f6sungen bieten wir auf Anfrage ein Sortiment an individuellen sowie anspruchsvollen Sonderl\u00f6sungen an.[\/vc_column_text][\/vc_column][\/vc_row]<\/p>\n<\/div>","protected":false},"excerpt":{"rendered":"<p>[vc_row css=&#8220;.vc_custom_1573844433311{margin-right: 0px !important;margin-left: 0px !important;border-top-width: 1px !important;border-right-width: 1px !important;border-bottom-width: 1px !important;border-left-width: 1px !important;border-left-color: #bababa !important;border-left-style: solid !important;border-right-color: #bababa !important;border-right-style: solid !important;border-top-color: #bababa !important;border-top-style: solid !important;border-bottom-color: #bababa !important;border-bottom-style: solid !important;border-radius: 1px !important;}&#8220;][vc_column width=&#8220;1\/3&#8243;][vc_column_text]VISION UPS SYSTEMS S.\u00e0 r.l. wurde im Jahre 2003 in Luxemburg gegr\u00fcndet, mit Firmensitze in Luxemburg und Frankreich (seit 2015). Wir haben uns [&hellip;]<\/p>\n","protected":false},"author":1,"featured_media":0,"parent":0,"menu_order":0,"comment_status":"closed","ping_status":"closed","template":"","meta":{"footnotes":""},"class_list":["post-2713","page","type-page","status-publish","hentry"],"_links":{"self":[{"href":"https:\/\/visionups.com\/de\/wp-json\/wp\/v2\/pages\/2713","targetHints":{"allow":["GET"]}}],"collection":[{"href":"https:\/\/visionups.com\/de\/wp-json\/wp\/v2\/pages"}],"about":[{"href":"https:\/\/visionups.com\/de\/wp-json\/wp\/v2\/types\/page"}],"author":[{"embeddable":true,"href":"https:\/\/visionups.com\/de\/wp-json\/wp\/v2\/users\/1"}],"replies":[{"embeddable":true,"href":"https:\/\/visionups.com\/de\/wp-json\/wp\/v2\/comments?post=2713"}],"version-history":[{"count":48,"href":"https:\/\/visionups.com\/de\/wp-json\/wp\/v2\/pages\/2713\/revisions"}],"predecessor-version":[{"id":5166,"href":"https:\/\/visionups.com\/de\/wp-json\/wp\/v2\/pages\/2713\/revisions\/5166"}],"wp:attachment":[{"href":"https:\/\/visionups.com\/de\/wp-json\/wp\/v2\/media?parent=2713"}],"curies":[{"name":"wp","href":"https:\/\/api.w.org\/{rel}","templated":true}]}}