{"id":5100,"date":"2020-01-17T15:36:58","date_gmt":"2020-01-17T15:36:58","guid":{"rendered":"https:\/\/visionups.com\/de\/?post_type=product&#038;p=5100"},"modified":"2020-02-11T14:50:46","modified_gmt":"2020-02-11T14:50:46","slug":"usv-premium33-10-300kva-3-3","status":"publish","type":"product","link":"https:\/\/visionups.com\/de\/product\/usv-premium33-10-300kva-3-3\/","title":{"rendered":"USV Premium+33 10-300kVA (3\/3)"},"content":{"rendered":"<p>Diese hochwertige Online USV von Vision ist ausgestattet mit einem galvanischen Trenntransformator, dies bedeutet dass die Stromkreise vor und nach der USV nicht physisch verbunden sind, sondern \u00fcber ein elektromagnetisches Feld. Hiermit wird die Zuverl\u00e4ssigkeit des Lastschutzes wesent-lich erh\u00f6ht. Spannungsspitzen und St\u00f6rungen werden somit gefiltert und die angeschlossene Last dadurch zus\u00e4tzlich gesch\u00fctzt.<\/p>\n","protected":false},"excerpt":{"rendered":"<p>Diese hochwertige Online USV von Vision ist ausgestattet mit einem galvanischen Trenntransformator, dies bedeutet dass die Stromkreise vor und nach der USV nicht physisch verbunden sind, sondern \u00fcber ein elektromagnetisches Feld. Hiermit wird die Zuverl\u00e4ssigkeit des Lastschutzes wesent-lich erh\u00f6ht. Spannungsspitzen und St\u00f6rungen werden somit gefiltert und die angeschlossene Last dadurch zus\u00e4tzlich gesch\u00fctzt.<\/p>\n","protected":false},"featured_media":5096,"comment_status":"closed","ping_status":"closed","template":"","meta":[],"product_brand":[],"product_cat":[154,151,157],"product_tag":[],"class_list":{"0":"post-5100","1":"product","2":"type-product","3":"status-publish","4":"has-post-thumbnail","6":"product_cat-betriebe","7":"product_cat-datenzentrum","8":"product_cat-online-10-650kva","11":"first","12":"instock","13":"shipping-taxable","14":"product-type-simple"},"_links":{"self":[{"href":"https:\/\/visionups.com\/de\/wp-json\/wp\/v2\/product\/5100","targetHints":{"allow":["GET"]}}],"collection":[{"href":"https:\/\/visionups.com\/de\/wp-json\/wp\/v2\/product"}],"about":[{"href":"https:\/\/visionups.com\/de\/wp-json\/wp\/v2\/types\/product"}],"replies":[{"embeddable":true,"href":"https:\/\/visionups.com\/de\/wp-json\/wp\/v2\/comments?post=5100"}],"wp:featuredmedia":[{"embeddable":true,"href":"https:\/\/visionups.com\/de\/wp-json\/wp\/v2\/media\/5096"}],"wp:attachment":[{"href":"https:\/\/visionups.com\/de\/wp-json\/wp\/v2\/media?parent=5100"}],"wp:term":[{"taxonomy":"product_brand","embeddable":true,"href":"https:\/\/visionups.com\/de\/wp-json\/wp\/v2\/product_brand?post=5100"},{"taxonomy":"product_cat","embeddable":true,"href":"https:\/\/visionups.com\/de\/wp-json\/wp\/v2\/product_cat?post=5100"},{"taxonomy":"product_tag","embeddable":true,"href":"https:\/\/visionups.com\/de\/wp-json\/wp\/v2\/product_tag?post=5100"}],"curies":[{"name":"wp","href":"https:\/\/api.w.org\/{rel}","templated":true}]}}