{"id":5156,"date":"2020-01-21T14:58:38","date_gmt":"2020-01-21T14:58:38","guid":{"rendered":"https:\/\/visionups.com\/de\/?post_type=product&#038;p=5156"},"modified":"2024-10-15T12:03:33","modified_gmt":"2024-10-15T12:03:33","slug":"carbon-speicherbatterie","status":"publish","type":"product","link":"https:\/\/visionups.com\/de\/product\/carbon-speicherbatterie\/","title":{"rendered":"Carbon Speicherbatterie"},"content":{"rendered":"<p>Die Technologie der Carbon-Batterie basiert auf jener der Blei-S\u00e4ure-Batterie. W\u00e4hrend normale Bleibatterien im Gegensatz zu Lithiumbatterien \u00fcber eine sehr gro\u00dfe Entladeleistung (bis C3*), erfordern sie eine wesentlich gr\u00f6\u00dfere Ladezeit (bis zu 10 Stunden, = 0,1C), um eine die Lebensdauer verringernde Sulfatisierung zu verhindern. Die neue Carbon-Techologie bietet hier eine L\u00f6sung: Durch den Gebrauch von Carbon wird eine wesentlich geringere Sulfatisierung der negativen Elektrode garantiert. Dadurch kann die Batterie deutlich schneller nachgeladen werden, und zwar bis zu acht mal schneller (= 0,8C) als eine herk\u00f6mmliche Bleibatterie.<\/p>\n","protected":false},"excerpt":{"rendered":"<p>Die Technologie der Carbon-Batterie basiert auf jener der Blei-S\u00e4ure-Batterie. W\u00e4hrend normale Bleibatterien im Gegensatz zu Lithiumbatterien \u00fcber eine sehr gro\u00dfe Entladeleistung (bis C3*), erfordern sie eine wesentlich gr\u00f6\u00dfere Ladezeit (bis zu 10 Stunden, = 0,1C), um eine die Lebensdauer verringernde Sulfatisierung zu verhindern. Die neue Carbon-Techologie bietet hier eine L\u00f6sung: Durch den Gebrauch von Carbon wird eine wesentlich geringere Sulfatisierung der negativen Elektrode garantiert. Dadurch kann die Batterie deutlich schneller nachgeladen werden, und zwar bis zu acht mal schneller (= 0,8C) als eine herk\u00f6mmliche Bleibatterie.<\/p>\n","protected":false},"featured_media":5152,"comment_status":"closed","ping_status":"closed","template":"","meta":[],"product_brand":[],"product_cat":[141],"product_tag":[],"class_list":{"0":"post-5156","1":"product","2":"type-product","3":"status-publish","4":"has-post-thumbnail","6":"product_cat-mehr-produkte","9":"first","10":"instock","11":"featured","12":"shipping-taxable","13":"product-type-simple"},"_links":{"self":[{"href":"https:\/\/visionups.com\/de\/wp-json\/wp\/v2\/product\/5156","targetHints":{"allow":["GET"]}}],"collection":[{"href":"https:\/\/visionups.com\/de\/wp-json\/wp\/v2\/product"}],"about":[{"href":"https:\/\/visionups.com\/de\/wp-json\/wp\/v2\/types\/product"}],"replies":[{"embeddable":true,"href":"https:\/\/visionups.com\/de\/wp-json\/wp\/v2\/comments?post=5156"}],"wp:featuredmedia":[{"embeddable":true,"href":"https:\/\/visionups.com\/de\/wp-json\/wp\/v2\/media\/5152"}],"wp:attachment":[{"href":"https:\/\/visionups.com\/de\/wp-json\/wp\/v2\/media?parent=5156"}],"wp:term":[{"taxonomy":"product_brand","embeddable":true,"href":"https:\/\/visionups.com\/de\/wp-json\/wp\/v2\/product_brand?post=5156"},{"taxonomy":"product_cat","embeddable":true,"href":"https:\/\/visionups.com\/de\/wp-json\/wp\/v2\/product_cat?post=5156"},{"taxonomy":"product_tag","embeddable":true,"href":"https:\/\/visionups.com\/de\/wp-json\/wp\/v2\/product_tag?post=5156"}],"curies":[{"name":"wp","href":"https:\/\/api.w.org\/{rel}","templated":true}]}}