{"id":5206,"date":"2022-06-02T06:49:01","date_gmt":"2022-06-02T06:49:01","guid":{"rendered":"https:\/\/visionups.com\/de\/?post_type=product&#038;p=5206"},"modified":"2026-04-14T11:29:32","modified_gmt":"2026-04-14T11:29:32","slug":"usv-spirit-one-rt-1-3kva","status":"publish","type":"product","link":"https:\/\/visionups.com\/de\/product\/usv-spirit-one-rt-1-3kva\/","title":{"rendered":"USV Spirit One RT 1-3kVA"},"content":{"rendered":"<div class=\"wpb-content-wrapper\"><p>[vc_row][vc_column][vc_column_text]Die Spirit One RT ist konzipiert f\u00fcr IT-Anwendungen wie Rechenzentren, Serverr\u00e4ume oder Sicherheitsausr\u00fcstungen. Die USV ist mit einem internen, im Betrieb austauschbaren Batteriefach ausger\u00fcstet, um eine sehr einfache und schnelle Instandhaltung zu sichern.[\/vc_column_text][\/vc_column][\/vc_row]<\/p>\n<\/div>","protected":false},"excerpt":{"rendered":"<p>Die Spirit One RT ist konzipiert f\u00fcr IT-Anwendungen wie Rechenzentren, Serverr\u00e4ume oder Sicherheitsausr\u00fcstungen. Die USV ist mit einem internen, im Betrieb austauschbaren Batteriefach ausger\u00fcstet, um eine sehr einfache und schnelle Instandhaltung zu sichern.<\/p>\n","protected":false},"featured_media":5221,"comment_status":"closed","ping_status":"closed","template":"","meta":[],"product_brand":[],"product_cat":[159,154,151,156],"product_tag":[],"class_list":{"0":"post-5206","1":"product","2":"type-product","3":"status-publish","4":"has-post-thumbnail","6":"product_cat-19-rack","7":"product_cat-betriebe","8":"product_cat-datenzentrum","9":"product_cat-online-1-10kva","12":"first","13":"instock","14":"featured","15":"shipping-taxable","16":"product-type-simple"},"_links":{"self":[{"href":"https:\/\/visionups.com\/de\/wp-json\/wp\/v2\/product\/5206","targetHints":{"allow":["GET"]}}],"collection":[{"href":"https:\/\/visionups.com\/de\/wp-json\/wp\/v2\/product"}],"about":[{"href":"https:\/\/visionups.com\/de\/wp-json\/wp\/v2\/types\/product"}],"replies":[{"embeddable":true,"href":"https:\/\/visionups.com\/de\/wp-json\/wp\/v2\/comments?post=5206"}],"wp:featuredmedia":[{"embeddable":true,"href":"https:\/\/visionups.com\/de\/wp-json\/wp\/v2\/media\/5221"}],"wp:attachment":[{"href":"https:\/\/visionups.com\/de\/wp-json\/wp\/v2\/media?parent=5206"}],"wp:term":[{"taxonomy":"product_brand","embeddable":true,"href":"https:\/\/visionups.com\/de\/wp-json\/wp\/v2\/product_brand?post=5206"},{"taxonomy":"product_cat","embeddable":true,"href":"https:\/\/visionups.com\/de\/wp-json\/wp\/v2\/product_cat?post=5206"},{"taxonomy":"product_tag","embeddable":true,"href":"https:\/\/visionups.com\/de\/wp-json\/wp\/v2\/product_tag?post=5206"}],"curies":[{"name":"wp","href":"https:\/\/api.w.org\/{rel}","templated":true}]}}