{"id":5249,"date":"2022-11-17T14:49:46","date_gmt":"2022-11-17T14:49:46","guid":{"rendered":"https:\/\/visionups.com\/de\/?post_type=product&#038;p=5249"},"modified":"2026-04-14T11:26:16","modified_gmt":"2026-04-14T11:26:16","slug":"usv-spirit-one-6-10kva","status":"publish","type":"product","link":"https:\/\/visionups.com\/de\/product\/usv-spirit-one-6-10kva\/","title":{"rendered":"USV Spirit One 6-10kVA"},"content":{"rendered":"<div class=\"woocommerce-product-details__short-description\">\n<div id=\"product-description-short\">Die Spirit One 6-10kVA ist f\u00fcr Anwendungen im Gesundheitswesen und f\u00fcr IT-Server konzipiert. Das grafische Multifunktions-LCD-Display zeigt eine Sch\u00e4tzung der verbleibenden Batterie-Backup-Zeit an.<\/div>\n<\/div>\n","protected":false},"excerpt":{"rendered":"<div class=\"woocommerce-product-details__short-description\">\n<div id=\"product-description-short\">Die Spirit One 6-10kVA ist f\u00fcr Anwendungen im Gesundheitswesen und f\u00fcr IT-Server konzipiert. Das grafische Multifunktions-LCD-Display zeigt eine Sch\u00e4tzung der verbleibenden Batterie-Backup-Zeit an.<\/div>\n<\/div>\n","protected":false},"featured_media":5245,"comment_status":"closed","ping_status":"closed","template":"","meta":[],"product_brand":[],"product_cat":[154,156],"product_tag":[],"class_list":{"0":"post-5249","1":"product","2":"type-product","3":"status-publish","4":"has-post-thumbnail","6":"product_cat-betriebe","7":"product_cat-online-1-10kva","10":"first","11":"instock","12":"featured","13":"shipping-taxable","14":"product-type-simple"},"_links":{"self":[{"href":"https:\/\/visionups.com\/de\/wp-json\/wp\/v2\/product\/5249","targetHints":{"allow":["GET"]}}],"collection":[{"href":"https:\/\/visionups.com\/de\/wp-json\/wp\/v2\/product"}],"about":[{"href":"https:\/\/visionups.com\/de\/wp-json\/wp\/v2\/types\/product"}],"replies":[{"embeddable":true,"href":"https:\/\/visionups.com\/de\/wp-json\/wp\/v2\/comments?post=5249"}],"wp:featuredmedia":[{"embeddable":true,"href":"https:\/\/visionups.com\/de\/wp-json\/wp\/v2\/media\/5245"}],"wp:attachment":[{"href":"https:\/\/visionups.com\/de\/wp-json\/wp\/v2\/media?parent=5249"}],"wp:term":[{"taxonomy":"product_brand","embeddable":true,"href":"https:\/\/visionups.com\/de\/wp-json\/wp\/v2\/product_brand?post=5249"},{"taxonomy":"product_cat","embeddable":true,"href":"https:\/\/visionups.com\/de\/wp-json\/wp\/v2\/product_cat?post=5249"},{"taxonomy":"product_tag","embeddable":true,"href":"https:\/\/visionups.com\/de\/wp-json\/wp\/v2\/product_tag?post=5249"}],"curies":[{"name":"wp","href":"https:\/\/api.w.org\/{rel}","templated":true}]}}