{"id":2713,"date":"2014-05-20T11:25:22","date_gmt":"2014-05-20T11:25:22","guid":{"rendered":"http:\/\/192.168.0.101\/user24\/wordpress\/wordpress-3.9.1-treehouse\/?page_id=2505"},"modified":"2020-03-12T12:51:52","modified_gmt":"2020-03-12T12:51:52","slug":"a-propos","status":"publish","type":"page","link":"https:\/\/visionups.com\/fr\/a-propos\/","title":{"rendered":"A propos"},"content":{"rendered":"<div class=\"wpb-content-wrapper\"><p>[vc_row css=\u00a0\u00bb.vc_custom_1573844433311{margin-right: 0px !important;margin-left: 0px !important;border-top-width: 1px !important;border-right-width: 1px !important;border-bottom-width: 1px !important;border-left-width: 1px !important;border-left-color: #bababa !important;border-left-style: solid !important;border-right-color: #bababa !important;border-right-style: solid !important;border-top-color: #bababa !important;border-top-style: solid !important;border-bottom-color: #bababa !important;border-bottom-style: solid !important;border-radius: 1px !important;}\u00a0\u00bb][vc_column width=\u00a0\u00bb1\/3&Prime;][vc_column_text]<\/p>\n<h3 class=\"page-subheading\">Notre entreprise<\/h3>\n<p>Vision UPS Systems S.\u00e0.r.l. \u00e0 \u00e9t\u00e9 cr\u00e9\u00e9 en 2003 au Luxembourg. Nous sommes devenus une entreprise reconnue dans le monde entier avec des partenaires dans plus de 40 pays partout dans le monde.<\/p>\n<ul>\n<li style=\"list-style-type: none\">\n<ul class=\"list-1\">\n<li>Stock important<\/li>\n<li>Service apr\u00e8s-vente<\/li>\n<li>Produit fait sur mesure<\/li>\n<li>Vaste gamme de produits<\/li>\n<li>Qualit\u00e9 et r\u00e9putation Europ\u00e9enne<\/li>\n<\/ul>\n<\/li>\n<\/ul>\n<p>[\/vc_column_text][\/vc_column][vc_column width=\u00a0\u00bb1\/3&Prime;][vc_column_text]<\/p>\n<h3 class=\"page-subheading\">Vision UPS Systems S.\u00e0.r.l.<\/h3>\n<p><strong class=\"dark\">Installation et maintenance<\/strong><\/p>\n<p>En plus des instructions standards, Vision UPS offre des documentations techniques pour l&rsquo;installation et la maintenance. Cela permet aux techniciens de gagner du temps et de r\u00e9duire les risques d&rsquo;erreurs.[\/vc_column_text][\/vc_column][vc_column width=\u00a0\u00bb1\/3&Prime;][vc_column_text]<b>Assistance<\/b><\/p>\n<p>Vision UPS reconna\u00eet sa part de responsabilit\u00e9 pour tous les produits pendant et apr\u00e8s la p\u00e9riode de garantie. Pour cela nos ing\u00e9nieurs et techniciens sont \u00e0 votre disposition pour garantir ensemble le maximum de support technique.[\/vc_column_text][vc_column_text]<b>Solutions sur mesure<\/b><\/p>\n<p>En plus des solutions standards, nous offrons \u00e9galement des produits faits sur mesure pour des applications sp\u00e9ciales.[\/vc_column_text][\/vc_column][\/vc_row]<\/p>\n<\/div>","protected":false},"excerpt":{"rendered":"<p>[vc_row css=\u00a0\u00bb.vc_custom_1573844433311{margin-right: 0px !important;margin-left: 0px !important;border-top-width: 1px !important;border-right-width: 1px !important;border-bottom-width: 1px !important;border-left-width: 1px !important;border-left-color: #bababa !important;border-left-style: solid !important;border-right-color: #bababa !important;border-right-style: solid !important;border-top-color: #bababa !important;border-top-style: solid !important;border-bottom-color: #bababa !important;border-bottom-style: solid !important;border-radius: 1px !important;}\u00a0\u00bb][vc_column width=\u00a0\u00bb1\/3&Prime;][vc_column_text] Notre entreprise Vision UPS Systems S.\u00e0.r.l. \u00e0 \u00e9t\u00e9 cr\u00e9\u00e9 en 2003 au Luxembourg. Nous sommes devenus une entreprise reconnue dans le monde [&hellip;]<\/p>\n","protected":false},"author":1,"featured_media":0,"parent":0,"menu_order":0,"comment_status":"closed","ping_status":"closed","template":"","meta":{"footnotes":""},"class_list":["post-2713","page","type-page","status-publish","hentry"],"_links":{"self":[{"href":"https:\/\/visionups.com\/fr\/wp-json\/wp\/v2\/pages\/2713","targetHints":{"allow":["GET"]}}],"collection":[{"href":"https:\/\/visionups.com\/fr\/wp-json\/wp\/v2\/pages"}],"about":[{"href":"https:\/\/visionups.com\/fr\/wp-json\/wp\/v2\/types\/page"}],"author":[{"embeddable":true,"href":"https:\/\/visionups.com\/fr\/wp-json\/wp\/v2\/users\/1"}],"replies":[{"embeddable":true,"href":"https:\/\/visionups.com\/fr\/wp-json\/wp\/v2\/comments?post=2713"}],"version-history":[{"count":46,"href":"https:\/\/visionups.com\/fr\/wp-json\/wp\/v2\/pages\/2713\/revisions"}],"predecessor-version":[{"id":5155,"href":"https:\/\/visionups.com\/fr\/wp-json\/wp\/v2\/pages\/2713\/revisions\/5155"}],"wp:attachment":[{"href":"https:\/\/visionups.com\/fr\/wp-json\/wp\/v2\/media?parent=2713"}],"curies":[{"name":"wp","href":"https:\/\/api.w.org\/{rel}","templated":true}]}}