{"id":5057,"date":"2020-01-14T15:45:10","date_gmt":"2020-01-14T15:45:10","guid":{"rendered":"https:\/\/visionups.com\/fr\/?post_type=product&#038;p=5057"},"modified":"2023-01-17T10:04:56","modified_gmt":"2023-01-17T10:04:56","slug":"spirit-one-6-10kva","status":"publish","type":"product","link":"https:\/\/visionups.com\/fr\/product\/spirit-one-6-10kva\/","title":{"rendered":"ASI Spirit One 6-10kVA"},"content":{"rendered":"<p>La Spirit One 6-10kVA est con\u00e7u pour les applications de sant\u00e9 et de serveurs informatiques. L&rsquo;\u00e9cran graphique LCD multifonctionnel indique une estimation de l&rsquo;autonomie restante de la batterie.<\/p>\n","protected":false},"excerpt":{"rendered":"<p>La Spirit One 6-10kVA est con\u00e7u pour les applications de sant\u00e9 et de serveurs informatiques. L&rsquo;\u00e9cran graphique LCD multifonctionnel indique une estimation de l&rsquo;autonomie restante de la batterie.<\/p>\n","protected":false},"featured_media":5229,"comment_status":"closed","ping_status":"closed","template":"","meta":[],"product_brand":[],"product_cat":[154,157],"product_tag":[],"class_list":{"0":"post-5057","1":"product","2":"type-product","3":"status-publish","4":"has-post-thumbnail","6":"product_cat-entreprise","7":"product_cat-online-1-10kva","10":"first","11":"instock","12":"featured","13":"shipping-taxable","14":"product-type-simple"},"_links":{"self":[{"href":"https:\/\/visionups.com\/fr\/wp-json\/wp\/v2\/product\/5057","targetHints":{"allow":["GET"]}}],"collection":[{"href":"https:\/\/visionups.com\/fr\/wp-json\/wp\/v2\/product"}],"about":[{"href":"https:\/\/visionups.com\/fr\/wp-json\/wp\/v2\/types\/product"}],"replies":[{"embeddable":true,"href":"https:\/\/visionups.com\/fr\/wp-json\/wp\/v2\/comments?post=5057"}],"wp:featuredmedia":[{"embeddable":true,"href":"https:\/\/visionups.com\/fr\/wp-json\/wp\/v2\/media\/5229"}],"wp:attachment":[{"href":"https:\/\/visionups.com\/fr\/wp-json\/wp\/v2\/media?parent=5057"}],"wp:term":[{"taxonomy":"product_brand","embeddable":true,"href":"https:\/\/visionups.com\/fr\/wp-json\/wp\/v2\/product_brand?post=5057"},{"taxonomy":"product_cat","embeddable":true,"href":"https:\/\/visionups.com\/fr\/wp-json\/wp\/v2\/product_cat?post=5057"},{"taxonomy":"product_tag","embeddable":true,"href":"https:\/\/visionups.com\/fr\/wp-json\/wp\/v2\/product_tag?post=5057"}],"curies":[{"name":"wp","href":"https:\/\/api.w.org\/{rel}","templated":true}]}}