{"id":5068,"date":"2020-01-14T16:07:03","date_gmt":"2020-01-14T16:07:03","guid":{"rendered":"https:\/\/visionups.com\/fr\/?post_type=product&#038;p=5068"},"modified":"2026-04-14T11:34:58","modified_gmt":"2026-04-14T11:34:58","slug":"asi-spirit-one-rt-6-10kva","status":"publish","type":"product","link":"https:\/\/visionups.com\/fr\/product\/asi-spirit-one-rt-6-10kva\/","title":{"rendered":"ASI Spirit One RT 6-10kVA"},"content":{"rendered":"<p>La Spirit One RT 6-10kVA est con\u00e7u pour les applications de serveurs informatiques et de centres de donn\u00e9es. L&rsquo;\u00e9cran graphique LCD multifonctions est commutable, ce qui permet d&rsquo;utiliser l&rsquo;onduleur aussi bien dans un rack que dans une tour.<\/p>\n","protected":false},"excerpt":{"rendered":"<p>La Spirit One RT 6-10kVA est con\u00e7u pour les applications de serveurs informatiques et de centres de donn\u00e9es. L&rsquo;\u00e9cran graphique LCD multifonctions est commutable, ce qui permet d&rsquo;utiliser l&rsquo;onduleur aussi bien dans un rack que dans une tour.<\/p>\n","protected":false},"featured_media":5226,"comment_status":"closed","ping_status":"closed","template":"","meta":[],"product_brand":[],"product_cat":[151,154,157,160],"product_tag":[],"class_list":{"0":"post-5068","1":"product","2":"type-product","3":"status-publish","4":"has-post-thumbnail","6":"product_cat-datacenter","7":"product_cat-entreprise","8":"product_cat-online-1-10kva","9":"product_cat-rack-19","12":"first","13":"instock","14":"shipping-taxable","15":"product-type-simple"},"_links":{"self":[{"href":"https:\/\/visionups.com\/fr\/wp-json\/wp\/v2\/product\/5068","targetHints":{"allow":["GET"]}}],"collection":[{"href":"https:\/\/visionups.com\/fr\/wp-json\/wp\/v2\/product"}],"about":[{"href":"https:\/\/visionups.com\/fr\/wp-json\/wp\/v2\/types\/product"}],"replies":[{"embeddable":true,"href":"https:\/\/visionups.com\/fr\/wp-json\/wp\/v2\/comments?post=5068"}],"wp:featuredmedia":[{"embeddable":true,"href":"https:\/\/visionups.com\/fr\/wp-json\/wp\/v2\/media\/5226"}],"wp:attachment":[{"href":"https:\/\/visionups.com\/fr\/wp-json\/wp\/v2\/media?parent=5068"}],"wp:term":[{"taxonomy":"product_brand","embeddable":true,"href":"https:\/\/visionups.com\/fr\/wp-json\/wp\/v2\/product_brand?post=5068"},{"taxonomy":"product_cat","embeddable":true,"href":"https:\/\/visionups.com\/fr\/wp-json\/wp\/v2\/product_cat?post=5068"},{"taxonomy":"product_tag","embeddable":true,"href":"https:\/\/visionups.com\/fr\/wp-json\/wp\/v2\/product_tag?post=5068"}],"curies":[{"name":"wp","href":"https:\/\/api.w.org\/{rel}","templated":true}]}}