{"id":5080,"date":"2020-01-17T15:19:27","date_gmt":"2020-01-17T15:19:27","guid":{"rendered":"https:\/\/visionups.com\/fr\/?post_type=product&#038;p=5080"},"modified":"2020-12-16T11:46:28","modified_gmt":"2020-12-16T11:46:28","slug":"asi-premium-vis-10-30kva-3-3","status":"publish","type":"product","link":"https:\/\/visionups.com\/fr\/product\/asi-premium-vis-10-30kva-3-3\/","title":{"rendered":"ASI Premium VIS 10-30kVA (3-3)"},"content":{"rendered":"<div id=\"product-description-short-52\">\n<p>Le Premium VIS\u00a0est le meilleur rapport qualit\u00e9-prix dans la s\u00e9rie des onduleurs 3\/3.\u00a0Bas\u00e9 sur notre technologie UPS modulaire, nous sommes en mesure d&rsquo;offrir des solutions extr\u00eamement petites pour une puissance de 10 \u00e0 30kVA. Le Premium VIS peut fonctionner avec des tensions de batterie de 192 \u00e0 240VDC (r\u00e9glable). Cet onduleur a la particularit\u00e9 de r\u00e9duire l&rsquo;espace et le nombre de batterie n\u00e9cessaire, ce qui r\u00e9duit le co\u00fbt de l&rsquo;installation.\u00a0Jusqu\u2019\u00e0 4 onduleurs Premium VIS peuvent \u00eatre connect\u00e9s en parall\u00e8le pour avoir une capacit\u00e9 de puissance maximale. Seulement une batterie est n\u00e9cessaire pour le mode parall\u00e8le. Il est \u00e9galement possible de mettre plusieurs branches de batteries en parall\u00e8le pour plus de s\u00e9curit\u00e9.<\/p>\n<\/div>\n","protected":false},"excerpt":{"rendered":"<div id=\"product-description-short-52\">\n<p>Le Premium VIS\u00a0est le meilleur rapport qualit\u00e9-prix dans la s\u00e9rie des onduleurs 3\/3.\u00a0Bas\u00e9 sur notre technologie UPS modulaire, nous sommes en mesure d&rsquo;offrir des solutions extr\u00eamement petites pour une puissance de 10 \u00e0 30kVA. Le Premium VIS peut fonctionner avec des tensions de batterie de 192 \u00e0 240VDC (r\u00e9glable). Cet onduleur a la particularit\u00e9 de r\u00e9duire l&rsquo;espace et le nombre de batterie n\u00e9cessaire, ce qui r\u00e9duit le co\u00fbt de l&rsquo;installation.\u00a0Jusqu\u2019\u00e0 4 onduleurs Premium VIS peuvent \u00eatre connect\u00e9s en parall\u00e8le pour avoir une capacit\u00e9 de puissance maximale. Seulement une batterie est n\u00e9cessaire pour le mode parall\u00e8le. Il est \u00e9galement possible de mettre plusieurs branches de batteries en parall\u00e8le pour plus de s\u00e9curit\u00e9.<\/p>\n<\/div>\n","protected":false},"featured_media":5185,"comment_status":"closed","ping_status":"closed","template":"","meta":[],"product_brand":[],"product_cat":[151,154,158],"product_tag":[],"class_list":{"0":"post-5080","1":"product","2":"type-product","3":"status-publish","4":"has-post-thumbnail","6":"product_cat-datacenter","7":"product_cat-entreprise","8":"product_cat-online-10-650kva","11":"first","12":"instock","13":"featured","14":"shipping-taxable","15":"product-type-simple"},"_links":{"self":[{"href":"https:\/\/visionups.com\/fr\/wp-json\/wp\/v2\/product\/5080","targetHints":{"allow":["GET"]}}],"collection":[{"href":"https:\/\/visionups.com\/fr\/wp-json\/wp\/v2\/product"}],"about":[{"href":"https:\/\/visionups.com\/fr\/wp-json\/wp\/v2\/types\/product"}],"replies":[{"embeddable":true,"href":"https:\/\/visionups.com\/fr\/wp-json\/wp\/v2\/comments?post=5080"}],"wp:featuredmedia":[{"embeddable":true,"href":"https:\/\/visionups.com\/fr\/wp-json\/wp\/v2\/media\/5185"}],"wp:attachment":[{"href":"https:\/\/visionups.com\/fr\/wp-json\/wp\/v2\/media?parent=5080"}],"wp:term":[{"taxonomy":"product_brand","embeddable":true,"href":"https:\/\/visionups.com\/fr\/wp-json\/wp\/v2\/product_brand?post=5080"},{"taxonomy":"product_cat","embeddable":true,"href":"https:\/\/visionups.com\/fr\/wp-json\/wp\/v2\/product_cat?post=5080"},{"taxonomy":"product_tag","embeddable":true,"href":"https:\/\/visionups.com\/fr\/wp-json\/wp\/v2\/product_tag?post=5080"}],"curies":[{"name":"wp","href":"https:\/\/api.w.org\/{rel}","templated":true}]}}