{"id":5088,"date":"2020-01-17T15:38:23","date_gmt":"2020-01-17T15:38:23","guid":{"rendered":"https:\/\/visionups.com\/fr\/?post_type=product&#038;p=5088"},"modified":"2020-02-11T14:50:54","modified_gmt":"2020-02-11T14:50:54","slug":"asi-premium33-10-300kva-3-3","status":"publish","type":"product","link":"https:\/\/visionups.com\/fr\/product\/asi-premium33-10-300kva-3-3\/","title":{"rendered":"ASI Premium+33 10-300kVA (3\/3)"},"content":{"rendered":"<p>L&rsquo;onduleur Premium +33 est con\u00e7u pour les applications m\u00e9dicales et industrielles.\u00a0Les onduleurs Vision UPS peuvent \u00eatre \u00e9quip\u00e9s d\u2019un transformateur d\u2019isolation galvanique, ce qui veut dire que le circuit \u00e9lectrique avant et apr\u00e8s l\u2019onduleur n\u2019est pas connect\u00e9 physiquement mais via un champ \u00e9lectromagn\u00e9tique. Ce qui a comme effet d\u2019augmenter la fiabilit\u00e9 de la protection. Les pics de tension et les perturbations ne peuvent pas passer dans le transformateur d\u2019isolation galvanique.<\/p>\n","protected":false},"excerpt":{"rendered":"<p>L&rsquo;onduleur Premium +33 est con\u00e7u pour les applications m\u00e9dicales et industrielles.\u00a0Les onduleurs Vision UPS peuvent \u00eatre \u00e9quip\u00e9s d\u2019un transformateur d\u2019isolation galvanique, ce qui veut dire que le circuit \u00e9lectrique avant et apr\u00e8s l\u2019onduleur n\u2019est pas connect\u00e9 physiquement mais via un champ \u00e9lectromagn\u00e9tique. Ce qui a comme effet d\u2019augmenter la fiabilit\u00e9 de la protection. Les pics de tension et les perturbations ne peuvent pas passer dans le transformateur d\u2019isolation galvanique.<\/p>\n","protected":false},"featured_media":5084,"comment_status":"closed","ping_status":"closed","template":"","meta":[],"product_brand":[],"product_cat":[151,154,158],"product_tag":[],"class_list":{"0":"post-5088","1":"product","2":"type-product","3":"status-publish","4":"has-post-thumbnail","6":"product_cat-datacenter","7":"product_cat-entreprise","8":"product_cat-online-10-650kva","11":"first","12":"instock","13":"shipping-taxable","14":"product-type-simple"},"_links":{"self":[{"href":"https:\/\/visionups.com\/fr\/wp-json\/wp\/v2\/product\/5088","targetHints":{"allow":["GET"]}}],"collection":[{"href":"https:\/\/visionups.com\/fr\/wp-json\/wp\/v2\/product"}],"about":[{"href":"https:\/\/visionups.com\/fr\/wp-json\/wp\/v2\/types\/product"}],"replies":[{"embeddable":true,"href":"https:\/\/visionups.com\/fr\/wp-json\/wp\/v2\/comments?post=5088"}],"wp:featuredmedia":[{"embeddable":true,"href":"https:\/\/visionups.com\/fr\/wp-json\/wp\/v2\/media\/5084"}],"wp:attachment":[{"href":"https:\/\/visionups.com\/fr\/wp-json\/wp\/v2\/media?parent=5088"}],"wp:term":[{"taxonomy":"product_brand","embeddable":true,"href":"https:\/\/visionups.com\/fr\/wp-json\/wp\/v2\/product_brand?post=5088"},{"taxonomy":"product_cat","embeddable":true,"href":"https:\/\/visionups.com\/fr\/wp-json\/wp\/v2\/product_cat?post=5088"},{"taxonomy":"product_tag","embeddable":true,"href":"https:\/\/visionups.com\/fr\/wp-json\/wp\/v2\/product_tag?post=5088"}],"curies":[{"name":"wp","href":"https:\/\/api.w.org\/{rel}","templated":true}]}}