{"id":5101,"date":"2020-01-21T13:49:42","date_gmt":"2020-01-21T13:49:42","guid":{"rendered":"https:\/\/visionups.com\/fr\/?post_type=product&#038;p=5101"},"modified":"2020-02-21T15:50:25","modified_gmt":"2020-02-21T15:50:25","slug":"visionmod-modulaire","status":"publish","type":"product","link":"https:\/\/visionups.com\/fr\/product\/visionmod-modulaire\/","title":{"rendered":"VisionMod Modulaire"},"content":{"rendered":"<p>La technologie d\u00e9centralis\u00e9e des onduleurs modulaires Vision UPS est la seule mani\u00e8re de travailler sans le risque d\u2019un \u00ab\u00a0point de d\u00e9faillance unique\u00a0\u00bb. Chaque module poss\u00e8de toute l\u2019\u00e9lectronique: redresseur, bypass statique \u00e9lectronique, protection anti-retour, fusible batterie et \u00e9cran LCD avec commande ce qui garanti un fonctionnement autonome.<\/p>\n<p>6-50kVA (1\/1)(3\/1) &amp; 20-800kW (3\/3)<\/p>\n","protected":false},"excerpt":{"rendered":"<p>La technologie d\u00e9centralis\u00e9e des onduleurs modulaires Vision UPS est la seule mani\u00e8re de travailler sans le risque d\u2019un \u00ab\u00a0point de d\u00e9faillance unique\u00a0\u00bb. Chaque module poss\u00e8de toute l\u2019\u00e9lectronique: redresseur, bypass statique \u00e9lectronique, protection anti-retour, fusible batterie et \u00e9cran LCD avec commande ce qui garanti un fonctionnement autonome.<\/p>\n<p>6-50kVA (1\/1)(3\/1) &amp; 20-800kW (3\/3)<\/p>\n","protected":false},"featured_media":5092,"comment_status":"closed","ping_status":"closed","template":"","meta":[],"product_brand":[],"product_cat":[151,159,158],"product_tag":[],"class_list":{"0":"post-5101","1":"product","2":"type-product","3":"status-publish","4":"has-post-thumbnail","6":"product_cat-datacenter","7":"product_cat-modular-asi","8":"product_cat-online-10-650kva","11":"first","12":"instock","13":"featured","14":"shipping-taxable","15":"product-type-simple"},"_links":{"self":[{"href":"https:\/\/visionups.com\/fr\/wp-json\/wp\/v2\/product\/5101","targetHints":{"allow":["GET"]}}],"collection":[{"href":"https:\/\/visionups.com\/fr\/wp-json\/wp\/v2\/product"}],"about":[{"href":"https:\/\/visionups.com\/fr\/wp-json\/wp\/v2\/types\/product"}],"replies":[{"embeddable":true,"href":"https:\/\/visionups.com\/fr\/wp-json\/wp\/v2\/comments?post=5101"}],"wp:featuredmedia":[{"embeddable":true,"href":"https:\/\/visionups.com\/fr\/wp-json\/wp\/v2\/media\/5092"}],"wp:attachment":[{"href":"https:\/\/visionups.com\/fr\/wp-json\/wp\/v2\/media?parent=5101"}],"wp:term":[{"taxonomy":"product_brand","embeddable":true,"href":"https:\/\/visionups.com\/fr\/wp-json\/wp\/v2\/product_brand?post=5101"},{"taxonomy":"product_cat","embeddable":true,"href":"https:\/\/visionups.com\/fr\/wp-json\/wp\/v2\/product_cat?post=5101"},{"taxonomy":"product_tag","embeddable":true,"href":"https:\/\/visionups.com\/fr\/wp-json\/wp\/v2\/product_tag?post=5101"}],"curies":[{"name":"wp","href":"https:\/\/api.w.org\/{rel}","templated":true}]}}