{"id":5119,"date":"2020-01-21T14:27:54","date_gmt":"2020-01-21T14:27:54","guid":{"rendered":"https:\/\/visionups.com\/fr\/?post_type=product&#038;p=5119"},"modified":"2020-02-21T15:50:23","modified_gmt":"2020-02-21T15:50:23","slug":"visionmod-subrack-19","status":"publish","type":"product","link":"https:\/\/visionups.com\/fr\/product\/visionmod-subrack-19\/","title":{"rendered":"VisionMod Subrack 19&Prime;"},"content":{"rendered":"<p>Les modules rack \u201conline double conversion\u201d sont rempla\u00e7ables \u00e0 chaud et \u00e9volutifs. Gamme de puissance de 10 \u00e0 40kVA\/kW pour une configuration 3\/3, 3\/1 et 1\/1. Ces modules compactes sont un choix id\u00e9al pour les data centers. Ecran couleur tactile 7\u201d avec bypass int\u00e9gr\u00e9.<\/p>\n","protected":false},"excerpt":{"rendered":"<p>Les modules rack \u201conline double conversion\u201d sont rempla\u00e7ables \u00e0 chaud et \u00e9volutifs. Gamme de puissance de 10 \u00e0 40kVA\/kW pour une configuration 3\/3, 3\/1 et 1\/1. Ces modules compactes sont un choix id\u00e9al pour les data centers. Ecran couleur tactile 7\u201d avec bypass int\u00e9gr\u00e9.<\/p>\n","protected":false},"featured_media":5107,"comment_status":"closed","ping_status":"closed","template":"","meta":[],"product_brand":[],"product_cat":[151,154,159,158,160],"product_tag":[],"class_list":{"0":"post-5119","1":"product","2":"type-product","3":"status-publish","4":"has-post-thumbnail","6":"product_cat-datacenter","7":"product_cat-entreprise","8":"product_cat-modular-asi","9":"product_cat-online-10-650kva","10":"product_cat-rack-19","13":"first","14":"instock","15":"featured","16":"shipping-taxable","17":"product-type-simple"},"_links":{"self":[{"href":"https:\/\/visionups.com\/fr\/wp-json\/wp\/v2\/product\/5119","targetHints":{"allow":["GET"]}}],"collection":[{"href":"https:\/\/visionups.com\/fr\/wp-json\/wp\/v2\/product"}],"about":[{"href":"https:\/\/visionups.com\/fr\/wp-json\/wp\/v2\/types\/product"}],"replies":[{"embeddable":true,"href":"https:\/\/visionups.com\/fr\/wp-json\/wp\/v2\/comments?post=5119"}],"wp:featuredmedia":[{"embeddable":true,"href":"https:\/\/visionups.com\/fr\/wp-json\/wp\/v2\/media\/5107"}],"wp:attachment":[{"href":"https:\/\/visionups.com\/fr\/wp-json\/wp\/v2\/media?parent=5119"}],"wp:term":[{"taxonomy":"product_brand","embeddable":true,"href":"https:\/\/visionups.com\/fr\/wp-json\/wp\/v2\/product_brand?post=5119"},{"taxonomy":"product_cat","embeddable":true,"href":"https:\/\/visionups.com\/fr\/wp-json\/wp\/v2\/product_cat?post=5119"},{"taxonomy":"product_tag","embeddable":true,"href":"https:\/\/visionups.com\/fr\/wp-json\/wp\/v2\/product_tag?post=5119"}],"curies":[{"name":"wp","href":"https:\/\/api.w.org\/{rel}","templated":true}]}}