{"id":5145,"date":"2020-01-21T15:00:50","date_gmt":"2020-01-21T15:00:50","guid":{"rendered":"https:\/\/visionups.com\/fr\/?post_type=product&#038;p=5145"},"modified":"2024-10-15T12:11:49","modified_gmt":"2024-10-15T12:11:49","slug":"batterie-de-stockage-du-carbone","status":"publish","type":"product","link":"https:\/\/visionups.com\/fr\/product\/batterie-de-stockage-du-carbone\/","title":{"rendered":"Batterie de stockage du carbone"},"content":{"rendered":"<p>La batterie au carbone est bas\u00e9e sur la technologie plomb-acide. Contrairement aux batteries au lithium, les batteries au plomb standard ont une grande capacit\u00e9 de d\u00e9charge (jusqu\u2019\u00e0 C3 *). En e et, un temps de charge beaucoup plus long (jusqu\u2019\u00e0 10 heures, = 0,1) doit \u00eatre accept\u00e9 pour \u00e9viter la sulfatisation qui raccourcirait la dur\u00e9e de vie de la batterie. La nouvelle technologie du carbone apporte une solution \u00e0 ce probl\u00e8me: L\u2019utilisation du carbone garantit beaucoup moins de sulfatation de l\u2019\u00e9lectrode n\u00e9gative. Ainsi, la batterie peut \u00eatre recharg\u00e9e jusqu\u2019\u00e0 3 fois plus vite (= 0,3C) qu\u2019une batterie plomb-acide standard. Les syst\u00e8mes modernes de batterie au lithium peuvent \u00e9galement \u00eatre charg\u00e9s en moins d\u2019une heure, mais la capacit\u00e9 de d\u00e9charge est tr\u00e8s faible: elle ne doit pas d\u00e9passer 50-70% de la capacit\u00e9 de la batterie (= C0,5- 07).<\/p>\n","protected":false},"excerpt":{"rendered":"<p>La batterie au carbone est bas\u00e9e sur la technologie plomb-acide. Contrairement aux batteries au lithium, les batteries au plomb standard ont une grande capacit\u00e9 de d\u00e9charge (jusqu\u2019\u00e0 C3 *). En e et, un temps de charge beaucoup plus long (jusqu\u2019\u00e0 10 heures, = 0,1) doit \u00eatre accept\u00e9 pour \u00e9viter la sulfatisation qui raccourcirait la dur\u00e9e de vie de la batterie. La nouvelle technologie du carbone apporte une solution \u00e0 ce probl\u00e8me: L\u2019utilisation du carbone garantit beaucoup moins de sulfatation de l\u2019\u00e9lectrode n\u00e9gative. Ainsi, la batterie peut \u00eatre recharg\u00e9e jusqu\u2019\u00e0 3 fois plus vite (= 0,3C) qu\u2019une batterie plomb-acide standard. Les syst\u00e8mes modernes de batterie au lithium peuvent \u00e9galement \u00eatre charg\u00e9s en moins d\u2019une heure, mais la capacit\u00e9 de d\u00e9charge est tr\u00e8s faible: elle ne doit pas d\u00e9passer 50-70% de la capacit\u00e9 de la batterie (= C0,5- 07).<\/p>\n","protected":false},"featured_media":5141,"comment_status":"closed","ping_status":"closed","template":"","meta":[],"product_brand":[],"product_cat":[141],"product_tag":[],"class_list":{"0":"post-5145","1":"product","2":"type-product","3":"status-publish","4":"has-post-thumbnail","6":"product_cat-plus-de-produits","9":"first","10":"instock","11":"featured","12":"shipping-taxable","13":"product-type-simple"},"_links":{"self":[{"href":"https:\/\/visionups.com\/fr\/wp-json\/wp\/v2\/product\/5145","targetHints":{"allow":["GET"]}}],"collection":[{"href":"https:\/\/visionups.com\/fr\/wp-json\/wp\/v2\/product"}],"about":[{"href":"https:\/\/visionups.com\/fr\/wp-json\/wp\/v2\/types\/product"}],"replies":[{"embeddable":true,"href":"https:\/\/visionups.com\/fr\/wp-json\/wp\/v2\/comments?post=5145"}],"wp:featuredmedia":[{"embeddable":true,"href":"https:\/\/visionups.com\/fr\/wp-json\/wp\/v2\/media\/5141"}],"wp:attachment":[{"href":"https:\/\/visionups.com\/fr\/wp-json\/wp\/v2\/media?parent=5145"}],"wp:term":[{"taxonomy":"product_brand","embeddable":true,"href":"https:\/\/visionups.com\/fr\/wp-json\/wp\/v2\/product_brand?post=5145"},{"taxonomy":"product_cat","embeddable":true,"href":"https:\/\/visionups.com\/fr\/wp-json\/wp\/v2\/product_cat?post=5145"},{"taxonomy":"product_tag","embeddable":true,"href":"https:\/\/visionups.com\/fr\/wp-json\/wp\/v2\/product_tag?post=5145"}],"curies":[{"name":"wp","href":"https:\/\/api.w.org\/{rel}","templated":true}]}}