{"id":5203,"date":"2022-06-02T07:45:25","date_gmt":"2022-06-02T07:45:25","guid":{"rendered":"https:\/\/visionups.com\/fr\/?post_type=product&#038;p=5203"},"modified":"2026-04-14T11:34:06","modified_gmt":"2026-04-14T11:34:06","slug":"asi-spirit-one-rt-1-3kva","status":"publish","type":"product","link":"https:\/\/visionups.com\/fr\/product\/asi-spirit-one-rt-1-3kva\/","title":{"rendered":"ASI Spirit One RT 1-3kVA"},"content":{"rendered":"<p>L\u2019onduleur Spirit One RT a \u00e9t\u00e9 con\u00e7u pour des applications industrielles; serveurs, \u00e9quipements informatiques, syst\u00e8me de communication et de s\u00e9curit\u00e9. Toutes les informations sont disponibles sur l\u2019affichage; entr\u00e9e, sortie, charge, batterie, temp\u00e9rature, by-pass, tension\u2026<\/p>\n","protected":false},"excerpt":{"rendered":"<p>L\u2019onduleur Spirit One RT a \u00e9t\u00e9 con\u00e7u pour des applications industrielles; serveurs, \u00e9quipements informatiques, syst\u00e8me de communication et de s\u00e9curit\u00e9. Toutes les informations sont disponibles sur l\u2019affichage; entr\u00e9e, sortie, charge, batterie, temp\u00e9rature, by-pass, tension\u2026<\/p>\n","protected":false},"featured_media":5205,"comment_status":"closed","ping_status":"closed","template":"","meta":[],"product_brand":[],"product_cat":[151,154,157,160],"product_tag":[],"class_list":{"0":"post-5203","1":"product","2":"type-product","3":"status-publish","4":"has-post-thumbnail","6":"product_cat-datacenter","7":"product_cat-entreprise","8":"product_cat-online-1-10kva","9":"product_cat-rack-19","12":"first","13":"instock","14":"featured","15":"shipping-taxable","16":"product-type-simple"},"_links":{"self":[{"href":"https:\/\/visionups.com\/fr\/wp-json\/wp\/v2\/product\/5203","targetHints":{"allow":["GET"]}}],"collection":[{"href":"https:\/\/visionups.com\/fr\/wp-json\/wp\/v2\/product"}],"about":[{"href":"https:\/\/visionups.com\/fr\/wp-json\/wp\/v2\/types\/product"}],"replies":[{"embeddable":true,"href":"https:\/\/visionups.com\/fr\/wp-json\/wp\/v2\/comments?post=5203"}],"wp:featuredmedia":[{"embeddable":true,"href":"https:\/\/visionups.com\/fr\/wp-json\/wp\/v2\/media\/5205"}],"wp:attachment":[{"href":"https:\/\/visionups.com\/fr\/wp-json\/wp\/v2\/media?parent=5203"}],"wp:term":[{"taxonomy":"product_brand","embeddable":true,"href":"https:\/\/visionups.com\/fr\/wp-json\/wp\/v2\/product_brand?post=5203"},{"taxonomy":"product_cat","embeddable":true,"href":"https:\/\/visionups.com\/fr\/wp-json\/wp\/v2\/product_cat?post=5203"},{"taxonomy":"product_tag","embeddable":true,"href":"https:\/\/visionups.com\/fr\/wp-json\/wp\/v2\/product_tag?post=5203"}],"curies":[{"name":"wp","href":"https:\/\/api.w.org\/{rel}","templated":true}]}}