{"id":5211,"date":"2022-06-02T08:06:57","date_gmt":"2022-06-02T08:06:57","guid":{"rendered":"https:\/\/visionups.com\/fr\/?post_type=product&#038;p=5211"},"modified":"2026-04-14T11:33:20","modified_gmt":"2026-04-14T11:33:20","slug":"asi-spirit-one-1-3kva","status":"publish","type":"product","link":"https:\/\/visionups.com\/fr\/product\/asi-spirit-one-1-3kva\/","title":{"rendered":"ASI Spirit One 1-3kVA"},"content":{"rendered":"<p>L\u2019onduleur Spirit One est la solution id\u00e9ale pour les applications r\u00e9sidentielles, m\u00e9dicales, alarmes et ordinateurs. Le plus compact au meilleur qualit\u00e9 prix.<\/p>\n","protected":false},"excerpt":{"rendered":"<p>L\u2019onduleur Spirit One est la solution id\u00e9ale pour les applications r\u00e9sidentielles, m\u00e9dicales, alarmes et ordinateurs. Le plus compact au meilleur qualit\u00e9 prix.<\/p>\n","protected":false},"featured_media":5208,"comment_status":"closed","ping_status":"closed","template":"","meta":[],"product_brand":[],"product_cat":[154,157],"product_tag":[],"class_list":{"0":"post-5211","1":"product","2":"type-product","3":"status-publish","4":"has-post-thumbnail","6":"product_cat-entreprise","7":"product_cat-online-1-10kva","10":"first","11":"instock","12":"featured","13":"shipping-taxable","14":"product-type-simple"},"_links":{"self":[{"href":"https:\/\/visionups.com\/fr\/wp-json\/wp\/v2\/product\/5211","targetHints":{"allow":["GET"]}}],"collection":[{"href":"https:\/\/visionups.com\/fr\/wp-json\/wp\/v2\/product"}],"about":[{"href":"https:\/\/visionups.com\/fr\/wp-json\/wp\/v2\/types\/product"}],"replies":[{"embeddable":true,"href":"https:\/\/visionups.com\/fr\/wp-json\/wp\/v2\/comments?post=5211"}],"wp:featuredmedia":[{"embeddable":true,"href":"https:\/\/visionups.com\/fr\/wp-json\/wp\/v2\/media\/5208"}],"wp:attachment":[{"href":"https:\/\/visionups.com\/fr\/wp-json\/wp\/v2\/media?parent=5211"}],"wp:term":[{"taxonomy":"product_brand","embeddable":true,"href":"https:\/\/visionups.com\/fr\/wp-json\/wp\/v2\/product_brand?post=5211"},{"taxonomy":"product_cat","embeddable":true,"href":"https:\/\/visionups.com\/fr\/wp-json\/wp\/v2\/product_cat?post=5211"},{"taxonomy":"product_tag","embeddable":true,"href":"https:\/\/visionups.com\/fr\/wp-json\/wp\/v2\/product_tag?post=5211"}],"curies":[{"name":"wp","href":"https:\/\/api.w.org\/{rel}","templated":true}]}}